{"id":21,"date":"2023-10-06T02:49:38","date_gmt":"2023-10-06T02:49:38","guid":{"rendered":"https:\/\/blog.wyylde.com\/?page_id=21"},"modified":"2023-11-09T14:16:33","modified_gmt":"2023-11-09T14:16:33","slug":"a-propos-de","status":"publish","type":"page","link":"https:\/\/blog.wyylde.com\/a-propos-de\/","title":{"rendered":"\u00c0 propos de"},"content":{"rendered":"\n<p class=\"has-text-align-center pb-45 wp-block-paragraph\"><strong>Wyylde est un r\u00e9seau social qui permet \u00e0 ses utilisateurs d\u2019\u00eatre eux-m\u00eames et d&rsquo;explorer leur sexualit\u00e9, au travers d\u2019une communaut\u00e9 bienveillante et respectueuse.<\/strong><\/p>\n\n\n\n<p class=\"wp-block-paragraph\">Chez Wyylde, nous consid\u00e9rons que <strong>la sexualit\u00e9 n\u2019est pas tabou<\/strong>, qu\u2019elle peut se vivre seule, en couple ou \u00e0 plusieurs. De mani\u00e8re exclusive ou nonexclusive. Physiquement ou virtuellement. Intensivement ou p\u00e9riodiquement.<\/p>\n\n\n\n<p class=\"wp-block-paragraph\">C\u2019est pourquoi nous d\u00e9veloppons un cadre <strong>s\u00fbr et protecteur<\/strong> dans lequel chacun peut s\u2019exprimer, partager, rencontrer et se montrer tel qu\u2019il est.<\/p>\n\n\n\n<blockquote class=\"wp-block-quote is-layout-flow wp-block-quote-is-layout-flow\">\n<p class=\"wp-block-paragraph\"><span>\u201c<\/span>Ici, le consentement et le respect sont la base<br>de notre culture<span>\u201d<\/span><\/p>\n<\/blockquote>\n\n\n\n<p class=\"wp-block-paragraph\">Ici, le <strong>consentement <\/strong>et le <strong>respect <\/strong>sont la base de notre culture et la bienveillance de chacun permet de garantir jour apr\u00e8s jour cet <strong>\u00e9quilibre<\/strong> si pr\u00e9cieux \u00e0 nos yeux qui fait de Wyylde un espace rare d\u2019\u00e9panouissement.<\/p>\n\n\n\n<p class=\"wp-block-paragraph\">En d\u2019autres mots, Wyylde est <strong>le reflet de la lib\u00e9ration des tabous et des corps.<\/strong> Plus globalement, Wyylde est aussi le reflet d\u2019une soci\u00e9t\u00e9 plus \u00e9galitaire sur toutes les questions de sexualit\u00e9, de genre, des rapports entre les hommes et les femmes.<\/p>\n\n\n\n<div class=\"wp-block-buttons is-content-justification-center is-layout-flex wp-container-core-buttons-is-layout-fe48e5de wp-block-buttons-is-layout-flex\">\n<div class=\"wp-block-button\"><a class=\"wp-block-button__link has-text-align-center wp-element-button\" href=\"https:\/\/wyylde.com\" target=\"_blank\" rel=\"noreferrer noopener\"><span>D\u00e9couvrir Wyylde<\/span><\/a><\/div>\n<\/div>\n","protected":false},"excerpt":{"rendered":"<p>Wyylde est un r\u00e9seau social qui permet \u00e0 ses utilisateurs d\u2019\u00eatre eux-m\u00eames et d&rsquo;explorer leur sexualit\u00e9, au travers d\u2019une communaut\u00e9 bienveillante et respectueuse.<\/p>\n","protected":false},"author":238958952,"featured_media":309,"parent":0,"menu_order":0,"comment_status":"closed","ping_status":"closed","template":"templates\/template-about.php","meta":{"_acf_changed":false,"_crdt_document":"","inline_featured_image":false,"footnotes":""},"class_list":["post-21","page","type-page","status-publish","has-post-thumbnail","hentry"],"acf":[],"yoast_head":"<!-- This site is optimized with the Yoast SEO plugin v27.5 - https:\/\/yoast.com\/product\/yoast-seo-wordpress\/ -->\n<title>\u00c0 propos de - Wyylde Lifestyle<\/title>\n<meta name=\"robots\" content=\"index, follow, max-snippet:-1, max-image-preview:large, max-video-preview:-1\" \/>\n<link rel=\"canonical\" href=\"https:\/\/www.wyylde.com\/blog\/wp-json\/wp\/v2\/pages\/21\" \/>\n<meta property=\"og:locale\" content=\"fr_FR\" \/>\n<meta property=\"og:type\" content=\"article\" \/>\n<meta property=\"og:title\" content=\"\u00c0 propos de - Wyylde Lifestyle\" \/>\n<meta property=\"og:description\" content=\"Wyylde est un r\u00e9seau social qui permet \u00e0 ses utilisateurs d\u2019\u00eatre eux-m\u00eames et d&#039;explorer leur sexualit\u00e9, au travers d\u2019une communaut\u00e9 bienveillante et respectueuse.\" \/>\n<meta property=\"og:url\" content=\"https:\/\/blog.wyylde.com\/a-propos-de\/\" \/>\n<meta property=\"og:site_name\" content=\"Wyylde Lifestyle\" \/>\n<meta property=\"article:modified_time\" content=\"2023-11-09T14:16:33+00:00\" \/>\n<meta property=\"og:image\" content=\"https:\/\/blog.wyylde.com\/wp-content\/uploads\/2023\/10\/Rectangle-34.png\" \/>\n\t<meta property=\"og:image:width\" content=\"1440\" \/>\n\t<meta property=\"og:image:height\" content=\"735\" \/>\n\t<meta property=\"og:image:type\" content=\"image\/png\" \/>\n<meta name=\"twitter:card\" content=\"summary_large_image\" \/>\n<meta name=\"twitter:label1\" content=\"Dur\u00e9e de lecture estim\u00e9e\" \/>\n\t<meta name=\"twitter:data1\" content=\"1 minute\" \/>\n<script type=\"application\/ld+json\" class=\"yoast-schema-graph\">{\"@context\":\"https:\\\/\\\/schema.org\",\"@graph\":[{\"@type\":\"WebPage\",\"@id\":\"https:\\\/\\\/blog.wyylde.com\\\/a-propos-de\\\/\",\"url\":\"https:\\\/\\\/blog.wyylde.com\\\/a-propos-de\\\/\",\"name\":\"\u00c0 propos de - Wyylde Lifestyle\",\"isPartOf\":{\"@id\":\"https:\\\/\\\/blog.wyylde.com\\\/#website\"},\"primaryImageOfPage\":{\"@id\":\"https:\\\/\\\/blog.wyylde.com\\\/a-propos-de\\\/#primaryimage\"},\"image\":{\"@id\":\"https:\\\/\\\/blog.wyylde.com\\\/a-propos-de\\\/#primaryimage\"},\"thumbnailUrl\":\"https:\\\/\\\/blog.wyylde.com\\\/wp-content\\\/uploads\\\/2023\\\/10\\\/Rectangle-34.png\",\"datePublished\":\"2023-10-06T02:49:38+00:00\",\"dateModified\":\"2023-11-09T14:16:33+00:00\",\"breadcrumb\":{\"@id\":\"https:\\\/\\\/blog.wyylde.com\\\/a-propos-de\\\/#breadcrumb\"},\"inLanguage\":\"fr-FR\",\"potentialAction\":[{\"@type\":\"ReadAction\",\"target\":[\"https:\\\/\\\/blog.wyylde.com\\\/a-propos-de\\\/\"]}]},{\"@type\":\"ImageObject\",\"inLanguage\":\"fr-FR\",\"@id\":\"https:\\\/\\\/blog.wyylde.com\\\/a-propos-de\\\/#primaryimage\",\"url\":\"https:\\\/\\\/blog.wyylde.com\\\/wp-content\\\/uploads\\\/2023\\\/10\\\/Rectangle-34.png\",\"contentUrl\":\"https:\\\/\\\/blog.wyylde.com\\\/wp-content\\\/uploads\\\/2023\\\/10\\\/Rectangle-34.png\",\"width\":1440,\"height\":735},{\"@type\":\"BreadcrumbList\",\"@id\":\"https:\\\/\\\/blog.wyylde.com\\\/a-propos-de\\\/#breadcrumb\",\"itemListElement\":[{\"@type\":\"ListItem\",\"position\":1,\"name\":\"Accueil\",\"item\":\"https:\\\/\\\/blog.wyylde.com\\\/\"},{\"@type\":\"ListItem\",\"position\":2,\"name\":\"\u00c0 propos de\"}]},{\"@type\":\"WebSite\",\"@id\":\"https:\\\/\\\/blog.wyylde.com\\\/#website\",\"url\":\"https:\\\/\\\/blog.wyylde.com\\\/\",\"name\":\"Wyylde Lifestyle\",\"description\":\"Le Blog de Wyylde\",\"publisher\":{\"@id\":\"https:\\\/\\\/blog.wyylde.com\\\/#organization\"},\"potentialAction\":[{\"@type\":\"SearchAction\",\"target\":{\"@type\":\"EntryPoint\",\"urlTemplate\":\"https:\\\/\\\/blog.wyylde.com\\\/?s={search_term_string}\"},\"query-input\":{\"@type\":\"PropertyValueSpecification\",\"valueRequired\":true,\"valueName\":\"search_term_string\"}}],\"inLanguage\":\"fr-FR\"},{\"@type\":\"Organization\",\"@id\":\"https:\\\/\\\/blog.wyylde.com\\\/#organization\",\"name\":\"Wyylde Lifestyle\",\"url\":\"https:\\\/\\\/blog.wyylde.com\\\/\",\"logo\":{\"@type\":\"ImageObject\",\"inLanguage\":\"fr-FR\",\"@id\":\"https:\\\/\\\/blog.wyylde.com\\\/#\\\/schema\\\/logo\\\/image\\\/\",\"url\":\"https:\\\/\\\/blog.wyylde.com\\\/wp-content\\\/uploads\\\/2024\\\/09\\\/Compound-Path_.svg\",\"contentUrl\":\"https:\\\/\\\/blog.wyylde.com\\\/wp-content\\\/uploads\\\/2024\\\/09\\\/Compound-Path_.svg\",\"width\":158,\"height\":29,\"caption\":\"Wyylde Lifestyle\"},\"image\":{\"@id\":\"https:\\\/\\\/blog.wyylde.com\\\/#\\\/schema\\\/logo\\\/image\\\/\"},\"sameAs\":[\"https:\\\/\\\/www.instagram.com\\\/wyylde\\\/\"]}]}<\/script>\n<!-- \/ Yoast SEO plugin. -->","yoast_head_json":{"title":"\u00c0 propos de - Wyylde Lifestyle","robots":{"index":"index","follow":"follow","max-snippet":"max-snippet:-1","max-image-preview":"max-image-preview:large","max-video-preview":"max-video-preview:-1"},"canonical":"https:\/\/www.wyylde.com\/blog\/wp-json\/wp\/v2\/pages\/21","og_locale":"fr_FR","og_type":"article","og_title":"\u00c0 propos de - Wyylde Lifestyle","og_description":"Wyylde est un r\u00e9seau social qui permet \u00e0 ses utilisateurs d\u2019\u00eatre eux-m\u00eames et d'explorer leur sexualit\u00e9, au travers d\u2019une communaut\u00e9 bienveillante et respectueuse.","og_url":"https:\/\/blog.wyylde.com\/a-propos-de\/","og_site_name":"Wyylde Lifestyle","article_modified_time":"2023-11-09T14:16:33+00:00","og_image":[{"width":1440,"height":735,"url":"https:\/\/blog.wyylde.com\/wp-content\/uploads\/2023\/10\/Rectangle-34.png","type":"image\/png"}],"twitter_card":"summary_large_image","twitter_misc":{"Dur\u00e9e de lecture estim\u00e9e":"1 minute"},"schema":{"@context":"https:\/\/schema.org","@graph":[{"@type":"WebPage","@id":"https:\/\/blog.wyylde.com\/a-propos-de\/","url":"https:\/\/blog.wyylde.com\/a-propos-de\/","name":"\u00c0 propos de - Wyylde Lifestyle","isPartOf":{"@id":"https:\/\/blog.wyylde.com\/#website"},"primaryImageOfPage":{"@id":"https:\/\/blog.wyylde.com\/a-propos-de\/#primaryimage"},"image":{"@id":"https:\/\/blog.wyylde.com\/a-propos-de\/#primaryimage"},"thumbnailUrl":"https:\/\/blog.wyylde.com\/wp-content\/uploads\/2023\/10\/Rectangle-34.png","datePublished":"2023-10-06T02:49:38+00:00","dateModified":"2023-11-09T14:16:33+00:00","breadcrumb":{"@id":"https:\/\/blog.wyylde.com\/a-propos-de\/#breadcrumb"},"inLanguage":"fr-FR","potentialAction":[{"@type":"ReadAction","target":["https:\/\/blog.wyylde.com\/a-propos-de\/"]}]},{"@type":"ImageObject","inLanguage":"fr-FR","@id":"https:\/\/blog.wyylde.com\/a-propos-de\/#primaryimage","url":"https:\/\/blog.wyylde.com\/wp-content\/uploads\/2023\/10\/Rectangle-34.png","contentUrl":"https:\/\/blog.wyylde.com\/wp-content\/uploads\/2023\/10\/Rectangle-34.png","width":1440,"height":735},{"@type":"BreadcrumbList","@id":"https:\/\/blog.wyylde.com\/a-propos-de\/#breadcrumb","itemListElement":[{"@type":"ListItem","position":1,"name":"Accueil","item":"https:\/\/blog.wyylde.com\/"},{"@type":"ListItem","position":2,"name":"\u00c0 propos de"}]},{"@type":"WebSite","@id":"https:\/\/blog.wyylde.com\/#website","url":"https:\/\/blog.wyylde.com\/","name":"Wyylde Lifestyle","description":"Le Blog de Wyylde","publisher":{"@id":"https:\/\/blog.wyylde.com\/#organization"},"potentialAction":[{"@type":"SearchAction","target":{"@type":"EntryPoint","urlTemplate":"https:\/\/blog.wyylde.com\/?s={search_term_string}"},"query-input":{"@type":"PropertyValueSpecification","valueRequired":true,"valueName":"search_term_string"}}],"inLanguage":"fr-FR"},{"@type":"Organization","@id":"https:\/\/blog.wyylde.com\/#organization","name":"Wyylde Lifestyle","url":"https:\/\/blog.wyylde.com\/","logo":{"@type":"ImageObject","inLanguage":"fr-FR","@id":"https:\/\/blog.wyylde.com\/#\/schema\/logo\/image\/","url":"https:\/\/blog.wyylde.com\/wp-content\/uploads\/2024\/09\/Compound-Path_.svg","contentUrl":"https:\/\/blog.wyylde.com\/wp-content\/uploads\/2024\/09\/Compound-Path_.svg","width":158,"height":29,"caption":"Wyylde Lifestyle"},"image":{"@id":"https:\/\/blog.wyylde.com\/#\/schema\/logo\/image\/"},"sameAs":["https:\/\/www.instagram.com\/wyylde\/"]}]}},"jetpack_sharing_enabled":true,"_links":{"self":[{"href":"https:\/\/blog.wyylde.com\/wp-json\/wp\/v2\/pages\/21","targetHints":{"allow":["GET"]}}],"collection":[{"href":"https:\/\/blog.wyylde.com\/wp-json\/wp\/v2\/pages"}],"about":[{"href":"https:\/\/blog.wyylde.com\/wp-json\/wp\/v2\/types\/page"}],"author":[{"embeddable":true,"href":"https:\/\/blog.wyylde.com\/wp-json\/wp\/v2\/users\/238958952"}],"replies":[{"embeddable":true,"href":"https:\/\/blog.wyylde.com\/wp-json\/wp\/v2\/comments?post=21"}],"version-history":[{"count":18,"href":"https:\/\/blog.wyylde.com\/wp-json\/wp\/v2\/pages\/21\/revisions"}],"predecessor-version":[{"id":631,"href":"https:\/\/blog.wyylde.com\/wp-json\/wp\/v2\/pages\/21\/revisions\/631"}],"wp:featuredmedia":[{"embeddable":true,"href":"https:\/\/blog.wyylde.com\/wp-json\/wp\/v2\/media\/309"}],"wp:attachment":[{"href":"https:\/\/blog.wyylde.com\/wp-json\/wp\/v2\/media?parent=21"}],"curies":[{"name":"wp","href":"https:\/\/api.w.org\/{rel}","templated":true}]}}